{"id":22,"date":"2018-02-07T07:46:54","date_gmt":"2018-02-07T06:46:54","guid":{"rendered":"http:\/\/localserver.com\/?page_id=22"},"modified":"2018-04-06T17:34:44","modified_gmt":"2018-04-06T16:34:44","slug":"indice-ejes","status":"publish","type":"page","link":"https:\/\/transversalia.consorcimuseus.gva.es\/es\/indice-ejes\/","title":{"rendered":"Ejes"},"content":{"rendered":"<div class=\"wpb-content-wrapper\"><p>[vc_row][vc_column]<div class=\"dt-shortcode with-isotope\"><div class=\"wf-container dt-portfolio-shortcode resize-by-browser-width loading-effect-none iso-grid description-under-image content-align-left\" data-padding=\"20px\" data-cur-page=\"1\" data-posts-per-page=\"6\" data-desktop-columns-num=\"3\" data-v-tablet-columns-num=\"3\" data-h-tablet-columns-num=\"3\" data-phone-columns-num=\"1\" data-width=\"370px\" data-columns=\"2\">\n<div class=\"wf-cell\" data-post-id=\"924\" data-date=\"2020-11-05T13:19:21+01:00\" data-name=\"Muy lejos de cualquier otro lugar\">\n<article class=\"post post-924 dt_portfolio type-dt_portfolio status-publish has-post-thumbnail hentry dt_portfolio_category-memoria-esp dt_portfolio_category-51\">\n\n\t<div class=\"project-list-media\">\n\t<figure class=\"buttons-on-img forward-post\">\n\t\t<a href=\"https:\/\/transversalia.consorcimuseus.gva.es\/es\/ejes\/muy-lejos-de-cualquier-otro-lugar\/\" class=\"alignnone rollover layzr-bg\" title=\"003-2\"  aria-label=\"Post image\"><img fetchpriority=\"high\" decoding=\"async\" class=\"preload-me iso-lazy-load aspect\" src=\"data:image\/svg+xml,%3Csvg%20xmlns%3D&#39;http%3A%2F%2Fwww.w3.org%2F2000%2Fsvg&#39;%20viewBox%3D&#39;0%200%20555%20347&#39;%2F%3E\" data-src=\"https:\/\/transversalia.consorcimuseus.gva.es\/wp-content\/uploads\/2020\/10\/003-2-555x347.jpg\" data-srcset=\"https:\/\/transversalia.consorcimuseus.gva.es\/wp-content\/uploads\/2020\/10\/003-2-555x347.jpg 555w, https:\/\/transversalia.consorcimuseus.gva.es\/wp-content\/uploads\/2020\/10\/003-2-1110x694.jpg 1110w\" loading=\"eager\" style=\"--ratio: 555 \/ 347\" sizes=\"(max-width: 555px) 100vw, 555px\" alt=\"\" width=\"555\" height=\"347\"  \/><\/a>\t\t\t<\/figure>\n<\/div>\n<div class=\"project-list-content\">\n\t<h3 class=\"entry-title\"><a href=\"https:\/\/transversalia.consorcimuseus.gva.es\/es\/ejes\/muy-lejos-de-cualquier-otro-lugar\/\" title=\"Muy lejos de cualquier otro lugar\" rel=\"bookmark\">Muy lejos de cualquier otro lugar<\/a><\/h3><\/div>\n<\/article>\n\n<\/div>\n<div class=\"wf-cell\" data-post-id=\"673\" data-date=\"2019-05-17T22:50:35+01:00\" data-name=\"Identidades fluidas\">\n<article class=\"post post-673 dt_portfolio type-dt_portfolio status-publish has-post-thumbnail hentry dt_portfolio_category-eje-identidades dt_portfolio_category-20\">\n\n\t<div class=\"project-list-media\">\n\t<figure class=\"buttons-on-img forward-post\">\n\t\t<a href=\"https:\/\/transversalia.consorcimuseus.gva.es\/es\/ejes\/identidades-fluidas\/\" class=\"alignnone rollover layzr-bg\" title=\"fotos turmblr\"  aria-label=\"Post image\"><img decoding=\"async\" class=\"preload-me iso-lazy-load aspect\" src=\"data:image\/svg+xml,%3Csvg%20xmlns%3D&#39;http%3A%2F%2Fwww.w3.org%2F2000%2Fsvg&#39;%20viewBox%3D&#39;0%200%20555%20290&#39;%2F%3E\" data-src=\"https:\/\/transversalia.consorcimuseus.gva.es\/wp-content\/uploads\/2019\/05\/fotos-turmblr-e1558137289564-555x290.jpg\" data-srcset=\"https:\/\/transversalia.consorcimuseus.gva.es\/wp-content\/uploads\/2019\/05\/fotos-turmblr-e1558137289564-555x290.jpg 555w, https:\/\/transversalia.consorcimuseus.gva.es\/wp-content\/uploads\/2019\/05\/fotos-turmblr-e1558137289564.jpg 899w\" loading=\"eager\" style=\"--ratio: 555 \/ 290\" sizes=\"(max-width: 555px) 100vw, 555px\" alt=\"\" width=\"555\" height=\"290\"  \/><\/a>\t\t\t<\/figure>\n<\/div>\n<div class=\"project-list-content\">\n\t<h3 class=\"entry-title\"><a href=\"https:\/\/transversalia.consorcimuseus.gva.es\/es\/ejes\/identidades-fluidas\/\" title=\"Identidades fluidas\" rel=\"bookmark\">Identidades fluidas<\/a><\/h3><\/div>\n<\/article>\n\n<\/div>\n<div class=\"wf-cell\" data-post-id=\"101\" data-date=\"2018-02-08T18:39:27+01:00\" data-name=\"Actitudes singulares. Resistencias contra un mundo globalizado.\">\n<article class=\"post post-101 dt_portfolio type-dt_portfolio status-publish has-post-thumbnail hentry dt_portfolio_category-eje-politicas dt_portfolio_category-19\">\n\n\t<div class=\"project-list-media\">\n\t<figure class=\"buttons-on-img forward-post\">\n\t\t<a href=\"https:\/\/transversalia.consorcimuseus.gva.es\/es\/ejes\/actitudes-singulares-resistencias-contra-un-mundo-globalizado\/\" class=\"alignnone rollover layzr-bg\" title=\"Actitudes singulares. Resistencias contra un mundo globalizado.\"  aria-label=\"Post image\"><img decoding=\"async\" class=\"preload-me iso-lazy-load aspect\" src=\"data:image\/svg+xml,%3Csvg%20xmlns%3D&#39;http%3A%2F%2Fwww.w3.org%2F2000%2Fsvg&#39;%20viewBox%3D&#39;0%200%20555%20370&#39;%2F%3E\" data-src=\"https:\/\/transversalia.consorcimuseus.gva.es\/wp-content\/uploads\/2018\/02\/politicas-taller-3-555x370.jpg\" data-srcset=\"https:\/\/transversalia.consorcimuseus.gva.es\/wp-content\/uploads\/2018\/02\/politicas-taller-3-555x370.jpg 555w, https:\/\/transversalia.consorcimuseus.gva.es\/wp-content\/uploads\/2018\/02\/politicas-taller-3.jpg 900w\" loading=\"eager\" style=\"--ratio: 555 \/ 370\" sizes=\"(max-width: 555px) 100vw, 555px\" alt=\"\" width=\"555\" height=\"370\"  \/><\/a>\t\t\t<\/figure>\n<\/div>\n<div class=\"project-list-content\">\n\t<h3 class=\"entry-title\"><a href=\"https:\/\/transversalia.consorcimuseus.gva.es\/es\/ejes\/actitudes-singulares-resistencias-contra-un-mundo-globalizado\/\" title=\"Actitudes singulares. Resistencias contra un mundo globalizado.\" rel=\"bookmark\">Actitudes singulares. Resistencias contra un mundo globalizado.<\/a><\/h3><\/div>\n<\/article>\n\n<\/div>\n<div class=\"wf-cell\" data-post-id=\"99\" data-date=\"2018-02-08T18:38:14+01:00\" data-name=\"Privacidad digital. El yo en la banda de Moebius\">\n<article class=\"post post-99 dt_portfolio type-dt_portfolio status-publish has-post-thumbnail hentry dt_portfolio_category-eje-identidades dt_portfolio_category-20\">\n\n\t<div class=\"project-list-media\">\n\t<figure class=\"buttons-on-img forward-post\">\n\t\t<a href=\"https:\/\/transversalia.consorcimuseus.gva.es\/es\/ejes\/privacidad-digital-el-yo-en-la-banda-de-moebius\/\" class=\"alignnone rollover layzr-bg\" title=\"Privacidad digital. El yo en la banda de Moebius\"  aria-label=\"Post image\"><img decoding=\"async\" class=\"preload-me iso-lazy-load aspect\" src=\"data:image\/svg+xml,%3Csvg%20xmlns%3D&#39;http%3A%2F%2Fwww.w3.org%2F2000%2Fsvg&#39;%20viewBox%3D&#39;0%200%20555%20370&#39;%2F%3E\" data-src=\"https:\/\/transversalia.consorcimuseus.gva.es\/wp-content\/uploads\/2018\/02\/identidades-taller-2-555x370.jpg\" data-srcset=\"https:\/\/transversalia.consorcimuseus.gva.es\/wp-content\/uploads\/2018\/02\/identidades-taller-2-555x370.jpg 555w, https:\/\/transversalia.consorcimuseus.gva.es\/wp-content\/uploads\/2018\/02\/identidades-taller-2.jpg 900w\" loading=\"eager\" style=\"--ratio: 555 \/ 370\" sizes=\"(max-width: 555px) 100vw, 555px\" alt=\"Privacidad digital. El yo en la banda de Moebius\" width=\"555\" height=\"370\"  \/><\/a>\t\t\t<\/figure>\n<\/div>\n<div class=\"project-list-content\">\n\t<h3 class=\"entry-title\"><a href=\"https:\/\/transversalia.consorcimuseus.gva.es\/es\/ejes\/privacidad-digital-el-yo-en-la-banda-de-moebius\/\" title=\"Privacidad digital. El yo en la banda de Moebius\" rel=\"bookmark\">Privacidad digital. El yo en la banda de Moebius<\/a><\/h3><\/div>\n<\/article>\n\n<\/div>\n<div class=\"wf-cell\" data-post-id=\"97\" data-date=\"2018-02-08T18:36:59+01:00\" data-name=\"Planeta en transici\u00f3n. Pr\u00e1cticas art\u00edsticas ante la crisis ambiental\">\n<article class=\"post post-97 dt_portfolio type-dt_portfolio status-publish has-post-thumbnail hentry dt_portfolio_category-eje-planeta dt_portfolio_category-21\">\n\n\t<div class=\"project-list-media\">\n\t<figure class=\"buttons-on-img forward-post\">\n\t\t<a href=\"https:\/\/transversalia.consorcimuseus.gva.es\/es\/ejes\/planeta-en-transicion-practicas-artisticas-ante-la-crisis-ambiental\/\" class=\"alignnone rollover layzr-bg\" title=\"Planeta en transici\u00f3n. Pr\u00e1cticas art\u00edsticas ante la crisis ambiental.\"  aria-label=\"Post image\"><img decoding=\"async\" class=\"preload-me iso-lazy-load aspect\" src=\"data:image\/svg+xml,%3Csvg%20xmlns%3D&#39;http%3A%2F%2Fwww.w3.org%2F2000%2Fsvg&#39;%20viewBox%3D&#39;0%200%20555%20370&#39;%2F%3E\" data-src=\"https:\/\/transversalia.consorcimuseus.gva.es\/wp-content\/uploads\/2018\/02\/planeta-taller-1-555x370.jpg\" data-srcset=\"https:\/\/transversalia.consorcimuseus.gva.es\/wp-content\/uploads\/2018\/02\/planeta-taller-1-555x370.jpg 555w, https:\/\/transversalia.consorcimuseus.gva.es\/wp-content\/uploads\/2018\/02\/planeta-taller-1.jpg 900w\" loading=\"eager\" style=\"--ratio: 555 \/ 370\" sizes=\"(max-width: 555px) 100vw, 555px\" alt=\"Planeta en transici\u00f3n. Pr\u00e1cticas art\u00edsticas ante la crisis ambiental.\" width=\"555\" height=\"370\"  \/><\/a>\t\t\t<\/figure>\n<\/div>\n<div class=\"project-list-content\">\n\t<h3 class=\"entry-title\"><a href=\"https:\/\/transversalia.consorcimuseus.gva.es\/es\/ejes\/planeta-en-transicion-practicas-artisticas-ante-la-crisis-ambiental\/\" title=\"Planeta en transici\u00f3n. Pr\u00e1cticas art\u00edsticas ante la crisis ambiental\" rel=\"bookmark\">Planeta en transici\u00f3n. Pr\u00e1cticas art\u00edsticas ante la crisis ambiental<\/a><\/h3><\/div>\n<\/article>\n\n<\/div><\/div><\/div>[\/vc_column][\/vc_row]<\/p>\n<\/div>","protected":false},"excerpt":{"rendered":"<p>[vc_row][vc_column][\/vc_column][\/vc_row]<\/p>\n","protected":false},"author":4,"featured_media":0,"parent":0,"menu_order":0,"comment_status":"closed","ping_status":"closed","template":"","meta":{"footnotes":""},"class_list":["post-22","page","type-page","status-publish","hentry","description-off"],"yoast_head":"<!-- This site is optimized with the Yoast SEO plugin v27.3 - https:\/\/yoast.com\/product\/yoast-seo-wordpress\/ -->\n<title>Ejes - Transversalia<\/title>\n<meta name=\"description\" content=\"Conoce los diferentes talleres de Transversalia, un proyecto que indaga en las relaciones entre las pr\u00e1cticas art\u00edsticas y educativas a trav\u00e9s de talleres, seminarios y recursos online.\" \/>\n<meta name=\"robots\" content=\"index, follow, max-snippet:-1, max-image-preview:large, max-video-preview:-1\" \/>\n<link rel=\"canonical\" href=\"https:\/\/transversalia.consorcimuseus.gva.es\/es\/indice-ejes\/\" \/>\n<meta property=\"og:locale\" content=\"es_ES\" \/>\n<meta property=\"og:type\" content=\"article\" \/>\n<meta property=\"og:title\" content=\"Ejes - Transversalia\" \/>\n<meta property=\"og:description\" content=\"Conoce los diferentes talleres de Transversalia, un proyecto que indaga en las relaciones entre las pr\u00e1cticas art\u00edsticas y educativas a trav\u00e9s de talleres, seminarios y recursos online.\" \/>\n<meta property=\"og:url\" content=\"https:\/\/transversalia.consorcimuseus.gva.es\/es\/indice-ejes\/\" \/>\n<meta property=\"og:site_name\" content=\"Transversalia\" \/>\n<meta property=\"article:modified_time\" content=\"2018-04-06T16:34:44+00:00\" \/>\n<meta name=\"twitter:card\" content=\"summary_large_image\" \/>\n<script type=\"application\/ld+json\" class=\"yoast-schema-graph\">{\"@context\":\"https:\\\/\\\/schema.org\",\"@graph\":[{\"@type\":\"WebPage\",\"@id\":\"https:\\\/\\\/transversalia.consorcimuseus.gva.es\\\/es\\\/indice-ejes\\\/\",\"url\":\"https:\\\/\\\/transversalia.consorcimuseus.gva.es\\\/es\\\/indice-ejes\\\/\",\"name\":\"Ejes - Transversalia\",\"isPartOf\":{\"@id\":\"https:\\\/\\\/transversalia.consorcimuseus.gva.es\\\/es\\\/#website\"},\"datePublished\":\"2018-02-07T06:46:54+00:00\",\"dateModified\":\"2018-04-06T16:34:44+00:00\",\"description\":\"Conoce los diferentes talleres de Transversalia, un proyecto que indaga en las relaciones entre las pr\u00e1cticas art\u00edsticas y educativas a trav\u00e9s de talleres, seminarios y recursos online.\",\"breadcrumb\":{\"@id\":\"https:\\\/\\\/transversalia.consorcimuseus.gva.es\\\/es\\\/indice-ejes\\\/#breadcrumb\"},\"inLanguage\":\"es\",\"potentialAction\":[{\"@type\":\"ReadAction\",\"target\":[\"https:\\\/\\\/transversalia.consorcimuseus.gva.es\\\/es\\\/indice-ejes\\\/\"]}]},{\"@type\":\"BreadcrumbList\",\"@id\":\"https:\\\/\\\/transversalia.consorcimuseus.gva.es\\\/es\\\/indice-ejes\\\/#breadcrumb\",\"itemListElement\":[{\"@type\":\"ListItem\",\"position\":1,\"name\":\"Inicio\",\"item\":\"https:\\\/\\\/transversalia.consorcimuseus.gva.es\\\/es\\\/\"},{\"@type\":\"ListItem\",\"position\":2,\"name\":\"Ejes\"}]},{\"@type\":\"WebSite\",\"@id\":\"https:\\\/\\\/transversalia.consorcimuseus.gva.es\\\/es\\\/#website\",\"url\":\"https:\\\/\\\/transversalia.consorcimuseus.gva.es\\\/es\\\/\",\"name\":\"Transversalia\",\"description\":\"\",\"potentialAction\":[{\"@type\":\"SearchAction\",\"target\":{\"@type\":\"EntryPoint\",\"urlTemplate\":\"https:\\\/\\\/transversalia.consorcimuseus.gva.es\\\/es\\\/?s={search_term_string}\"},\"query-input\":{\"@type\":\"PropertyValueSpecification\",\"valueRequired\":true,\"valueName\":\"search_term_string\"}}],\"inLanguage\":\"es\"}]}<\/script>\n<!-- \/ Yoast SEO plugin. -->","yoast_head_json":{"title":"Ejes - Transversalia","description":"Conoce los diferentes talleres de Transversalia, un proyecto que indaga en las relaciones entre las pr\u00e1cticas art\u00edsticas y educativas a trav\u00e9s de talleres, seminarios y recursos online.","robots":{"index":"index","follow":"follow","max-snippet":"max-snippet:-1","max-image-preview":"max-image-preview:large","max-video-preview":"max-video-preview:-1"},"canonical":"https:\/\/transversalia.consorcimuseus.gva.es\/es\/indice-ejes\/","og_locale":"es_ES","og_type":"article","og_title":"Ejes - Transversalia","og_description":"Conoce los diferentes talleres de Transversalia, un proyecto que indaga en las relaciones entre las pr\u00e1cticas art\u00edsticas y educativas a trav\u00e9s de talleres, seminarios y recursos online.","og_url":"https:\/\/transversalia.consorcimuseus.gva.es\/es\/indice-ejes\/","og_site_name":"Transversalia","article_modified_time":"2018-04-06T16:34:44+00:00","twitter_card":"summary_large_image","schema":{"@context":"https:\/\/schema.org","@graph":[{"@type":"WebPage","@id":"https:\/\/transversalia.consorcimuseus.gva.es\/es\/indice-ejes\/","url":"https:\/\/transversalia.consorcimuseus.gva.es\/es\/indice-ejes\/","name":"Ejes - Transversalia","isPartOf":{"@id":"https:\/\/transversalia.consorcimuseus.gva.es\/es\/#website"},"datePublished":"2018-02-07T06:46:54+00:00","dateModified":"2018-04-06T16:34:44+00:00","description":"Conoce los diferentes talleres de Transversalia, un proyecto que indaga en las relaciones entre las pr\u00e1cticas art\u00edsticas y educativas a trav\u00e9s de talleres, seminarios y recursos online.","breadcrumb":{"@id":"https:\/\/transversalia.consorcimuseus.gva.es\/es\/indice-ejes\/#breadcrumb"},"inLanguage":"es","potentialAction":[{"@type":"ReadAction","target":["https:\/\/transversalia.consorcimuseus.gva.es\/es\/indice-ejes\/"]}]},{"@type":"BreadcrumbList","@id":"https:\/\/transversalia.consorcimuseus.gva.es\/es\/indice-ejes\/#breadcrumb","itemListElement":[{"@type":"ListItem","position":1,"name":"Inicio","item":"https:\/\/transversalia.consorcimuseus.gva.es\/es\/"},{"@type":"ListItem","position":2,"name":"Ejes"}]},{"@type":"WebSite","@id":"https:\/\/transversalia.consorcimuseus.gva.es\/es\/#website","url":"https:\/\/transversalia.consorcimuseus.gva.es\/es\/","name":"Transversalia","description":"","potentialAction":[{"@type":"SearchAction","target":{"@type":"EntryPoint","urlTemplate":"https:\/\/transversalia.consorcimuseus.gva.es\/es\/?s={search_term_string}"},"query-input":{"@type":"PropertyValueSpecification","valueRequired":true,"valueName":"search_term_string"}}],"inLanguage":"es"}]}},"_links":{"self":[{"href":"https:\/\/transversalia.consorcimuseus.gva.es\/es\/wp-json\/wp\/v2\/pages\/22","targetHints":{"allow":["GET"]}}],"collection":[{"href":"https:\/\/transversalia.consorcimuseus.gva.es\/es\/wp-json\/wp\/v2\/pages"}],"about":[{"href":"https:\/\/transversalia.consorcimuseus.gva.es\/es\/wp-json\/wp\/v2\/types\/page"}],"author":[{"embeddable":true,"href":"https:\/\/transversalia.consorcimuseus.gva.es\/es\/wp-json\/wp\/v2\/users\/4"}],"replies":[{"embeddable":true,"href":"https:\/\/transversalia.consorcimuseus.gva.es\/es\/wp-json\/wp\/v2\/comments?post=22"}],"version-history":[{"count":0,"href":"https:\/\/transversalia.consorcimuseus.gva.es\/es\/wp-json\/wp\/v2\/pages\/22\/revisions"}],"wp:attachment":[{"href":"https:\/\/transversalia.consorcimuseus.gva.es\/es\/wp-json\/wp\/v2\/media?parent=22"}],"curies":[{"name":"wp","href":"https:\/\/api.w.org\/{rel}","templated":true}]}}